{"id":9,"date":"2014-12-02T22:45:28","date_gmt":"2014-12-02T22:45:28","guid":{"rendered":"http:\/\/supercom.pl\/?page_id=9"},"modified":"2014-12-03T10:52:18","modified_gmt":"2014-12-03T10:52:18","slug":"realizacje","status":"publish","type":"page","link":"https:\/\/supercom.pl\/?page_id=9","title":{"rendered":"Realizacje"},"content":{"rendered":"<p>Mamy w Portfolio setki zadowolonych klient\u00f3w. <b>Nasze najwa\u017cniejsze wdro\u017cenia:<\/b><\/p>\n<p><span style=\"font-size: small;\">&#8211; \u015al\u0105ska Biblioteka Cyfrowa Katowice &#8211; sprzeda\u017c serwer\u00f3w<\/span><\/p>\n<p><span style=\"font-size: small;\">&#8211; Centrum Kryzysowe w Chrzanowie &#8211; projekt i wykonanie radiolinii<\/span><\/p>\n<p><span style=\"font-size: small;\">&#8211; IPN Oddzia\u0142 Katowice &#8211; sprzeda\u017c i wdro\u017cenie systemu multimedialnego<\/span><\/p>\n<p><span style=\"font-size: small;\">&#8211; 115 Szpital Wojskowy w Helu &#8211; kompleksowa komputeryzacja szpitala<\/span><\/p>\n<p><span style=\"font-size: small;\">&#8211; Huta Stali Ozimek &#8211; wykonanie monitoringu CCTV huty oraz sp\u00f3\u0142ek podleg\u0142ych<\/span><\/p>\n<p><span style=\"font-size: small;\">&#8211; Final S.A. D\u0105browa G\u00f3rnicza &#8211; modernizacja i rozbudowa systemu monitoringu CCTV<\/span><\/p>\n<p><span style=\"font-size: small;\">&#8211; MOPR Krosno &#8211; sprzeda\u017c serwer\u00f3w<\/span><\/p>\n<p><span style=\"font-size: small;\">&#8211; Urz\u0105d Miejski Bia\u0142a Podlaska &#8211; sprzeda\u017c serwer\u00f3w<\/span><\/p>\n<p><span style=\"font-size: small;\">&#8211; Urz\u0105d Skarbowy w Gryfinie &#8211; sprzeda\u017c serwer\u00f3w<\/span><\/p>\n<p><span style=\"font-size: small;\">&#8211; Wentech SA w Imielinie &#8211; wykonanie monitoringu CCTV<\/span><\/p>\n<p><span style=\"font-size: small;\">&#8211; Huta Szk\u0142a Saint-Gobain w D\u0105browie G\u00f3rniczej &#8211; wykonanie sieci komputerowych<\/span><\/p>\n<p><span style=\"font-size: small;\">&#8211; Szko\u0142a Podstawowa w Radzionkowie &#8211; wykonanie systemu monitoringu CCTV<\/span><\/p>\n<p><span style=\"font-size: small;\">&#8211; Miejski O\u015brodek Socjoterapii w Gliwicach &#8211; wykonanie systemu monitoringu CCTV<\/span><\/p>\n<p><span style=\"font-size: small;\">&#8211; Szpital SPOZZ w Podd\u0119bicach &#8211; sprzeda\u017c serwer\u00f3w<\/span><\/p>\n<p><span style=\"font-size: small;\">&#8211; Kancelaria Notarialna w Gliwicach &#8211; wykonanie sieci komputerowej oraz systemu alarmowego<\/span><\/p>\n<p><span style=\"font-size: small;\">&#8211; IPN Katowice &#8211; wykonanie sieci komputerowej<\/span><\/p>\n<p><span style=\"font-size: small;\">&#8211; Promenada Sosnowiec &#8211; wykonanie instalacji elektrycznej dla sieci komputerowej<\/span><\/p>\n<p><span style=\"font-size: small;\">&#8211; Kancelaria Prawna OPRADCY w Gliwicach &#8211; sie\u0107 komputerowa, system alarmowy<\/span><\/p>\n<p><span style=\"font-size: small;\">&#8211; Szpital Wojskowy w Helu &#8211; wykonanie systemu telewizji przemys\u0142owej<\/span><\/p>\n<p><span style=\"font-size: small;\">&#8211; LNG Silesia w \u0141aziskach &#8211; komputeryzacja firmy<\/span><\/p>\n<p><span style=\"font-size: small;\">&#8211; Serena SC &#8211; wykonanie instalacji elektrycznej i domofonowej<\/span><\/p>\n<p><span style=\"font-size: small;\">&#8211; Przedszkole nr 59 Bytom &#8211; wykonanie sieci teleinformatycznej<\/span><\/p>\n<p><span style=\"font-size: small;\">&#8211; Fundacja im. K. Rudkowskiej w Katowicach &#8211; wykonanie sieci teleinformatycznej<\/span><\/p>\n<p><span style=\"font-size: small;\">&#8211; Punkt Skupu Z\u0142omu w Jaworznie &#8211; monta\u017c systemu alarmowego z powiadamianiem<\/span><\/p>\n<p><span style=\"font-size: small;\">&#8211; Fabryka VETRO Czelad\u017a &#8211; sprzeda\u017c i monta\u017c centrali telefonicznej<\/span><\/p>\n<p><span style=\"font-size: small;\">&#8211; TRIO TAXI Chorz\u00f3w &#8211; sprzeda\u017c i monta\u017c centrali telefonicznej<\/span><\/p>\n<p><span style=\"font-size: small;\">&#8211; Zak\u0142ad Pogrzebowy \u0141ozi\u0144scy B\u0119dzin &#8211; sprzeda\u017c i monta\u017c centrali telefonicznej<\/span><\/p>\n<p><span style=\"font-size: small;\">&#8211; Nadwi\u015bla\u0144ska Sp\u00f3\u0142ka Energetyczna w Brzeszczach &#8211; sprzeda\u017c i monta\u017c centrali telefonicznej<\/span><\/p>\n<p><span style=\"font-size: small;\">&#8211; Drukarnia Wy-Druk w Katowicach &#8211; sprzeda\u017c i monta\u017c centrali telefonicznej<\/span><\/p>\n<p><span style=\"font-size: small;\">&#8211; Zesp\u00f3\u0142 Administracji Budynk\u00f3w ADM Sosnowiec &#8211; sprzeda\u017c i monta\u017c centrali telefonicznej<\/span><\/p>\n<p><span style=\"font-size: small;\">&#8211; Gimnazjum nr 9 w Bytomiu &#8211; sprzeda\u017c i monta\u017c centrali telefonicznej<\/span><\/p>\n<p><span style=\"font-size: small;\">&#8211; Kama-Eko SA w Katowicach &#8211; sprzeda\u017c i monta\u017c centrali telefonicznej<\/span><\/p>\n<p><span style=\"font-size: small;\">&#8211; Centrum Rehabilitacji &#8222;Odrodzenie&#8221; w Katowicach &#8211; sie\u0107 teleinformatyczna i centrala telefoniczna<\/span><\/p>\n<p><span style=\"font-size: small;\">&#8211; Hotel Podkowa w Siewierzu &#8211; sprzeda\u017c i wdro\u017cenie systemu multimedialnego<\/span><\/p>\n<p><span style=\"font-size: small;\">&#8211; Techspeed Sosnowiec &#8211; sprzeda\u017c i monta\u017c centrali telefonicznej<\/span><\/p>\n<p><span style=\"font-size: small;\">&#8211; Kr\u0119gielnia i Garage Club w Katowicach &#8211; sprzeda\u017c i monta\u017c centrali telefonicznej<\/span><\/p>\n","protected":false},"excerpt":{"rendered":"<p>Mamy w Portfolio setki zadowolonych klient\u00f3w. Nasze najwa\u017cniejsze wdro\u017cenia: &#8211; \u015al\u0105ska Biblioteka Cyfrowa Katowice &#8211; sprzeda\u017c serwer\u00f3w &#8211; Centrum Kryzysowe w Chrzanowie &#8211; projekt i wykonanie radiolinii &#8211; IPN Oddzia\u0142 Katowice &#8211; sprzeda\u017c i wdro\u017cenie systemu multimedialnego &#8211; 115 Szpital Wojskowy w Helu &#8211; kompleksowa komputeryzacja szpitala &#8211; Huta Stali Ozimek &#8211; wykonanie monitoringu CCTV&#8230;<\/p>\n","protected":false},"author":1,"featured_media":0,"parent":0,"menu_order":0,"comment_status":"open","ping_status":"open","template":"","meta":{"footnotes":""},"class_list":["post-9","page","type-page","status-publish","hentry"],"_links":{"self":[{"href":"https:\/\/supercom.pl\/index.php?rest_route=\/wp\/v2\/pages\/9","targetHints":{"allow":["GET"]}}],"collection":[{"href":"https:\/\/supercom.pl\/index.php?rest_route=\/wp\/v2\/pages"}],"about":[{"href":"https:\/\/supercom.pl\/index.php?rest_route=\/wp\/v2\/types\/page"}],"author":[{"embeddable":true,"href":"https:\/\/supercom.pl\/index.php?rest_route=\/wp\/v2\/users\/1"}],"replies":[{"embeddable":true,"href":"https:\/\/supercom.pl\/index.php?rest_route=%2Fwp%2Fv2%2Fcomments&post=9"}],"version-history":[{"count":2,"href":"https:\/\/supercom.pl\/index.php?rest_route=\/wp\/v2\/pages\/9\/revisions"}],"predecessor-version":[{"id":40,"href":"https:\/\/supercom.pl\/index.php?rest_route=\/wp\/v2\/pages\/9\/revisions\/40"}],"wp:attachment":[{"href":"https:\/\/supercom.pl\/index.php?rest_route=%2Fwp%2Fv2%2Fmedia&parent=9"}],"curies":[{"name":"wp","href":"https:\/\/api.w.org\/{rel}","templated":true}]}}