{"id":4,"date":"2014-12-02T22:44:11","date_gmt":"2014-12-02T22:44:11","guid":{"rendered":"http:\/\/supercom.pl\/?page_id=4"},"modified":"2025-11-11T15:40:43","modified_gmt":"2025-11-11T15:40:43","slug":"strona-glowna","status":"publish","type":"page","link":"https:\/\/supercom.pl\/","title":{"rendered":"Obs\u0142uga techniczna firm"},"content":{"rendered":"<p><!--<a href=\"http:\/\/supercom.pl\/wp-content\/uploads\/2014\/12\/supercom1.jpg\"><img loading=\"lazy\" decoding=\"async\" class=\"alignnone  wp-image-74\" src=\"http:\/\/supercom.pl\/wp-content\/uploads\/2014\/12\/supercom1.jpg\" alt=\"supercom1\" width=\"1087\" height=\"505\" srcset=\"https:\/\/supercom.pl\/wp-content\/uploads\/2014\/12\/supercom1.jpg 1600w, https:\/\/supercom.pl\/wp-content\/uploads\/2014\/12\/supercom1-300x139.jpg 300w, https:\/\/supercom.pl\/wp-content\/uploads\/2014\/12\/supercom1-1024x475.jpg 1024w\" sizes=\"auto, (max-width: 1087px) 100vw, 1087px\" \/><\/a>\n\n&nbsp;\n\n\n<table style=\"text-align: left; width: 100%;\" border=\"0\" cellspacing=\"1\" cellpadding=\"10\">\n\n\n<tbody>\n\n\n<tr>\n\n\n<td style=\"width: 33%; text-align: left; vertical-align: top;\">\n\n\n<div style=\"text-align: center;\"><strong>TELEKOMUNIKACJA<\/strong><\/div>\n\n\n.\n<a href=\"http:\/\/supercom.pl\/wp-content\/uploads\/2014\/12\/telekom.jpg\"><img loading=\"lazy\" decoding=\"async\" class=\"alignleft size-full wp-image-81\" src=\"http:\/\/supercom.pl\/wp-content\/uploads\/2014\/12\/telekom.jpg\" alt=\"telekom\" width=\"100\" height=\"77\" \/><\/a>Nowoczesne rozwi\u0105zania telekomunikacyjne dla ma\u0142ych i \u015brednich firm wraz z oprogramowaniem do ich obs\u0142ugi. Pozwalaj\u0105 obni\u017cy\u0107 koszty funkcjonowania przedsi\u0119biorstwa, poprawi\u0107 komunikacj\u0119 mi\u0119dzy pracownikami wykorzystuj\u0105c abonenckie centrale telefoniczne, rejestratory telefoniczne, bramki GSM, czy te\u017c aparaty telefoniczne.<\/td>\n\n\n\n\n<td style=\"width: 33%; vertical-align: top;\">\n\n\n<div style=\"text-align: center;\"><strong>SIECI, KAMERY, ALARMY<\/strong><\/div>\n\n\n.\n<a href=\"http:\/\/supercom.pl\/wp-content\/uploads\/2014\/12\/kamery.jpg\"><img loading=\"lazy\" decoding=\"async\" class=\"alignleft size-full wp-image-82\" src=\"http:\/\/supercom.pl\/wp-content\/uploads\/2014\/12\/kamery.jpg\" alt=\"kamery\" width=\"100\" height=\"77\" \/><\/a>Telewizja przemys\u0142owa (CCTV) to system oparty na monitoringu przemys\u0142owym wykorzystuj\u0105cy kamery video pod\u0142\u0105czone do rejestratora obrazu i monitora w celu prowadzenia sta\u0142ej obserwacji wizyjnej. W naszej ofercie znajduj\u0105 si\u0119 m.in.: rejestratory cyfrowe DVR, kamery przemys\u0142owe, zestawy monitoringu wizyjnego, monitoring IP (kamery IP, wideoserwery), a tak\u017ce kable i inne akcesoria.<\/td>\n\n\n\n\n<td style=\"width: 33%; vertical-align: top;\">\n\n\n<div style=\"text-align: center;\"><strong>SERWIS ELEKTRONIKI<\/strong><\/div>\n\n\n.\n<a href=\"http:\/\/supercom.pl\/wp-content\/uploads\/2014\/12\/elektron.jpg\"><img loading=\"lazy\" decoding=\"async\" class=\"alignleft size-full wp-image-80\" src=\"http:\/\/supercom.pl\/wp-content\/uploads\/2014\/12\/elektron.jpg\" alt=\"elektron\" width=\"100\" height=\"77\" \/><\/a>Firma SUPERCOM prowadzi serwis komputerowy oraz zajmuje si\u0119 serwisem sprz\u0119tu elektronicznego. Zamiast pozbywa\u0107 si\u0119 niesprawnych laptop\u00f3w, komputer\u00f3w, monitor\u00f3w, konsol czy sprz\u0119tu elektronicznego u\u017cytku codziennego przynie\u015b je do nas, a my naprawimy je w konkurencyjnej cenie.<\/td>\n\n\n<\/tr>\n\n\n<\/tbody>\n\n\n<\/table>\n\n\n\n\n<table style=\"text-align: left; width: 100%;\" border=\"0\" cellspacing=\"1\" cellpadding=\"10\">\n\n\n<tbody>\n\n\n<tr>\n\n\n<td style=\"width: 33%; text-align: left; vertical-align: top;\">\n\n\n<div style=\"text-align: center;\"><strong>UMOWY SERWISOWE\n<\/strong><\/div>\n\n\n.\n<a href=\"http:\/\/supercom.pl\/wp-content\/uploads\/2014\/12\/telekom.jpg\"><img loading=\"lazy\" decoding=\"async\" class=\"alignleft size-full wp-image-81\" src=\"http:\/\/supercom.pl\/wp-content\/uploads\/2014\/12\/telekom.jpg\" alt=\"telekom\" width=\"100\" height=\"77\" \/><\/a>Dobrze wykonana konserwacja jest niezb\u0119dna, aby utrzyma\u0107 Twoj\u0105 infrastruktur\u0119 na mo\u017cliwie najlepszym stanie produkcyjnym. Supercom nieustannie rozwija prewencyjne plany utrzymania sieci i urz\u0105dze\u0144. Wizyty konserwacyjne wykonywane s\u0105 zgodnie z list\u0105 zada\u0144. Korzy\u015bci dla Klienta to: zmniejszenie liczby niespodziewanych awarii, kr\u00f3tkie, dobrze planowane remonty, wysoka jako\u015b\u0107 infrastruktury, bezpieczne \u015brodowisko pracy.<\/td>\n\n\n\n\n<td style=\"width: 33%; vertical-align: top;\">\n\n\n<div style=\"text-align: center;\"><strong>SIECI WIFI ROZLEG\u0141E\n<\/strong><\/div>\n\n\n.\n<a href=\"http:\/\/supercom.pl\/wp-content\/uploads\/2014\/12\/kamery.jpg\"><img loading=\"lazy\" decoding=\"async\" class=\"alignleft size-full wp-image-82\" src=\"http:\/\/supercom.pl\/wp-content\/uploads\/2014\/12\/kamery.jpg\" alt=\"kamery\" width=\"100\" height=\"77\" \/><\/a>Firma Supercom projektuje i wykonuje sieci bezprzewodowe WIFI obejmuj\u0105ce ca\u0142ym zasi\u0119giem budynek lub zak\u0142ad produkcyjny. Oferujemy systemy HotSpot dla hoteli, kawiarni, restauracji, camping\u00f3w. szk\u00f3\u0142 i innych obiekt\u00f3w. Korzystamy ze sprawdzonych urz\u0105dze\u0144 renomowanych producent\u00f3w, dost\u0119pnych w ka\u017cdym przedziale cenowym. Mamy na koncie wiele udanych wdro\u017ce\u0144.<\/td>\n\n\n\n\n<td style=\"width: 33%; vertical-align: top;\">\n\n\n<div style=\"text-align: center;\"><strong>SERWERY PRZEMYS\u0141OWE\n<\/strong><\/div>\n\n\n.\n<a href=\"http:\/\/supercom.pl\/wp-content\/uploads\/2014\/12\/elektron.jpg\"><img loading=\"lazy\" decoding=\"async\" class=\"alignleft size-full wp-image-80\" src=\"http:\/\/supercom.pl\/wp-content\/uploads\/2014\/12\/elektron.jpg\" alt=\"elektron\" width=\"100\" height=\"77\" \/><\/a>Serwery Supercom stanowi\u0105 najbardziej wydajne i elastyczne rozwi\u0105zania dla dla firm o ka\u017cdej wielko\u015bci, z ka\u017cdej bran\u017cy i przy ka\u017cdym rodzaju obci\u0105\u017cenia. Oferta obejmuje rozszerzalne serwery serwery stela\u017cowe, kompaktowe i skalowalne systemy kasetowe, Przekonuj\u0105 one jako\u015bci\u0105, szerok\u0105 gam\u0105 nowatorskich rozwi\u0105za\u0144, najwy\u017csz\u0105 skuteczno\u015bci\u0105 redukcji koszt\u00f3w operacyjnych i poziomu z\u0142o\u017cono\u015bci oraz najwy\u017csz\u0105 sprawno\u015bci\u0105 w codziennej pracy.<\/td>\n\n\n<\/tr>\n\n\n<\/tbody>\n\n\n<\/table>\n\n --><\/p>\n","protected":false},"excerpt":{"rendered":"","protected":false},"author":1,"featured_media":0,"parent":0,"menu_order":0,"comment_status":"open","ping_status":"open","template":"","meta":{"footnotes":""},"class_list":["post-4","page","type-page","status-publish","hentry"],"_links":{"self":[{"href":"https:\/\/supercom.pl\/index.php?rest_route=\/wp\/v2\/pages\/4","targetHints":{"allow":["GET"]}}],"collection":[{"href":"https:\/\/supercom.pl\/index.php?rest_route=\/wp\/v2\/pages"}],"about":[{"href":"https:\/\/supercom.pl\/index.php?rest_route=\/wp\/v2\/types\/page"}],"author":[{"embeddable":true,"href":"https:\/\/supercom.pl\/index.php?rest_route=\/wp\/v2\/users\/1"}],"replies":[{"embeddable":true,"href":"https:\/\/supercom.pl\/index.php?rest_route=%2Fwp%2Fv2%2Fcomments&post=4"}],"version-history":[{"count":21,"href":"https:\/\/supercom.pl\/index.php?rest_route=\/wp\/v2\/pages\/4\/revisions"}],"predecessor-version":[{"id":418,"href":"https:\/\/supercom.pl\/index.php?rest_route=\/wp\/v2\/pages\/4\/revisions\/418"}],"wp:attachment":[{"href":"https:\/\/supercom.pl\/index.php?rest_route=%2Fwp%2Fv2%2Fmedia&parent=4"}],"curies":[{"name":"wp","href":"https:\/\/api.w.org\/{rel}","templated":true}]}}