{"id":394,"date":"2025-07-27T05:08:30","date_gmt":"2025-07-27T05:08:30","guid":{"rendered":"https:\/\/cozythemesdemos.com\/homelancer\/?page_id=78"},"modified":"2025-11-18T13:15:41","modified_gmt":"2025-11-18T13:15:41","slug":"contact-us","status":"publish","type":"page","link":"https:\/\/supercom.pl\/?page_id=394","title":{"rendered":"Kontakt z nami"},"content":{"rendered":"\n<div class=\"wp-block-group alignfull has-background-background-color has-background is-layout-constrained wp-container-core-group-is-layout-d853a363 wp-block-group-is-layout-constrained\" style=\"padding-top:0;padding-right:0;padding-bottom:0;padding-left:0\">\n<div class=\"wp-block-group is-layout-constrained wp-container-core-group-is-layout-f14046ae wp-block-group-is-layout-constrained\" style=\"margin-bottom:60px\">\n<div class=\"wp-block-group is-content-justification-left is-layout-constrained wp-container-core-group-is-layout-0d2aab0a wp-block-group-is-layout-constrained\" style=\"margin-top:0;margin-bottom:64px\">\n<h1 class=\"wp-block-heading has-black-color-color has-text-color has-link-color has-xxx-large-font-size wp-elements-ae90230558e2b1f8e0966310713dd6d5\" style=\"font-style:normal;font-weight:500\">Mo\u017cesz si\u0119 z nami skontaktowa\u0107 w dowolnym momencie \u2014 zawsze jeste\u015bmy tutaj, aby Ci\u0119 wesprze\u0107<\/h1>\n\n\n\n<p class=\"has-foreground-alt-color has-text-color has-link-color wp-elements-6618e2232ccd487ab2ba60649c026652\" style=\"font-size:clamp(14px, 0.875rem + ((1vw - 3.2px) * 0.244), 18px);line-height:1.7\">W ramach um\u00f3w serwisowych oferujemy wsparcie dla klient\u00f3w 24h . Pozostali klienci proszeni s\u0105 o kontakt w godzinach pracy.<\/p>\n<\/div>\n\n\n\n<div class=\"wp-block-columns are-vertically-aligned-top is-layout-flex wp-container-core-columns-is-layout-1a2d6aa2 wp-block-columns-is-layout-flex\">\n<div class=\"wp-block-column is-vertically-aligned-top is-layout-flow wp-block-column-is-layout-flow\">\n<div class=\"wp-block-columns are-vertically-aligned-center is-layout-flex wp-container-core-columns-is-layout-caef4112 wp-block-columns-is-layout-flex\" style=\"margin-top:0px;margin-bottom:0\">\n<div class=\"wp-block-column is-vertically-aligned-center is-layout-flow wp-block-column-is-layout-flow\" style=\"flex-basis:52px\">\n<figure class=\"wp-block-image size-full is-resized\"><img decoding=\"async\" src=\"https:\/\/cozythemesdemos.com\/homelancer\/wp-content\/themes\/homelancer\/assets\/images\/icon_location.png\" alt=\"\" class=\"wp-image-681\" style=\"object-fit:contain;width:52px;height:52px\"\/><\/figure>\n<\/div>\n\n\n\n<div class=\"wp-block-column is-vertically-aligned-center is-layout-flow wp-container-core-column-is-layout-8a368f38 wp-block-column-is-layout-flow\">\n<p class=\"has-text-color has-link-color has-small-font-size wp-elements-7525a055ea0604bd60e29806f7743cc2\" style=\"color:#969595\">Adres<\/p>\n\n\n\n<p class=\"has-heading-color-color has-text-color has-link-color wp-elements-53e5605d00c6bc527e7bf20d46817c1e\"><a href=\"#\">Supercom Sp. z o. o., ul. Wato\u0142y 41, 41-106 Siemianowice \u015al\u0105skie<\/a><\/p>\n<\/div>\n<\/div>\n\n\n\n<div class=\"wp-block-columns are-vertically-aligned-center is-layout-flex wp-container-core-columns-is-layout-7fc3d43a wp-block-columns-is-layout-flex\">\n<div class=\"wp-block-column is-vertically-aligned-center is-layout-flow wp-block-column-is-layout-flow\" style=\"flex-basis:52px\">\n<figure class=\"wp-block-image size-full\"><img decoding=\"async\" src=\"https:\/\/cozythemesdemos.com\/homelancer\/wp-content\/themes\/homelancer\/assets\/images\/icon_call.png\" alt=\"\" class=\"wp-image-676\" style=\"object-fit:contain\"\/><\/figure>\n<\/div>\n\n\n\n<div class=\"wp-block-column is-vertically-aligned-center is-layout-flow wp-container-core-column-is-layout-8a368f38 wp-block-column-is-layout-flow\">\n<p class=\"has-text-color has-link-color has-small-font-size wp-elements-ea8d05b15eda4aa6a2aefbb531822dac\" style=\"color:#969595\">Telefony<\/p>\n\n\n\n<p class=\"has-heading-color-color has-text-color has-link-color wp-elements-c1afd9f51ebd249d48cd71b9da137219\"><a href=\"#\">604 854 702<\/a><\/p>\n\n\n\n<p class=\"has-heading-color-color has-text-color has-link-color wp-elements-e17df143d3f0f9d550811f60f0f86b31\"><a href=\"#\">518 098 938<\/a><\/p>\n<\/div>\n<\/div>\n\n\n\n<div class=\"wp-block-columns are-vertically-aligned-center is-layout-flex wp-container-core-columns-is-layout-7fc3d43a wp-block-columns-is-layout-flex\">\n<div class=\"wp-block-column is-vertically-aligned-center is-layout-flow wp-block-column-is-layout-flow\" style=\"flex-basis:52px\">\n<figure class=\"wp-block-image size-full is-resized\"><img decoding=\"async\" src=\"https:\/\/cozythemesdemos.com\/homelancer\/wp-content\/themes\/homelancer\/assets\/images\/icon_email.png\" alt=\"\" class=\"wp-image-680\" style=\"object-fit:contain;width:52px;height:52px\"\/><\/figure>\n<\/div>\n\n\n\n<div class=\"wp-block-column is-vertically-aligned-center is-layout-flow wp-container-core-column-is-layout-8a368f38 wp-block-column-is-layout-flow\">\n<p class=\"has-text-color has-link-color has-small-font-size wp-elements-352c33d8493f49bd9b8d573d7f2bce2e\" style=\"color:#969595\">Email<\/p>\n\n\n\n<p class=\"has-heading-color-color has-text-color has-link-color wp-elements-1860b408d434dc6ecfe46b574767734f\"><a href=\"#\">biuro@supercom.pl<\/a><\/p>\n<\/div>\n<\/div>\n\n\n\n<div class=\"wp-block-columns are-vertically-aligned-center is-layout-flex wp-container-core-columns-is-layout-7fc3d43a wp-block-columns-is-layout-flex\">\n<div class=\"wp-block-column is-vertically-aligned-center is-layout-flow wp-block-column-is-layout-flow\" style=\"flex-basis:52px\">\n<figure class=\"wp-block-image size-full is-resized\"><img decoding=\"async\" src=\"https:\/\/cozythemesdemos.com\/homelancer\/wp-content\/themes\/homelancer\/assets\/images\/icon_clock.png\" alt=\"\" class=\"wp-image-683\" style=\"object-fit:contain;width:52px;height:52px\"\/><\/figure>\n<\/div>\n\n\n\n<div class=\"wp-block-column is-vertically-aligned-center is-layout-flow wp-container-core-column-is-layout-8a368f38 wp-block-column-is-layout-flow\">\n<p class=\"has-text-color has-link-color has-small-font-size wp-elements-1aaaa3299610f7566038976bd1d84b34\" style=\"color:#969595\">Godziny pracy<\/p>\n\n\n\n<p class=\"has-heading-color-color has-text-color has-link-color wp-elements-624b1671be3ef1f75e442b7f2ce31d40\"><a href=\"#\">Poniedzia\u0142ek-Pi\u0105tek: 9:00-17:00<\/a><\/p>\n<\/div>\n<\/div>\n<\/div>\n\n\n\n<div class=\"wp-block-column is-vertically-aligned-top is-layout-flow wp-block-column-is-layout-flow\" style=\"flex-basis:60%\">\n<div class=\"wp-block-group has-border-color has-border-color-border-color is-layout-constrained wp-container-core-group-is-layout-7d17d2ee wp-block-group-is-layout-constrained\" style=\"border-width:1px;border-radius:0px;padding-top:64px;padding-right:64px;padding-bottom:64px;padding-left:64px\">\n<p><strong>Formularz kontakowy<\/strong><\/p>\n\n\n\n<div class=\"wp-block-contact-form-7-contact-form-selector\">\n<div class=\"wpcf7 no-js\" id=\"wpcf7-f447-o1\" lang=\"pl-PL\" dir=\"ltr\" data-wpcf7-id=\"447\">\n<div class=\"screen-reader-response\"><p role=\"status\" aria-live=\"polite\" aria-atomic=\"true\"><\/p> <ul><\/ul><\/div>\n<form action=\"\/index.php?rest_route=%2Fwp%2Fv2%2Fpages%2F394#wpcf7-f447-o1\" method=\"post\" class=\"wpcf7-form init\" aria-label=\"Formularz kontaktowy\" novalidate=\"novalidate\" data-status=\"init\">\n<fieldset class=\"hidden-fields-container\"><input type=\"hidden\" name=\"_wpcf7\" value=\"447\" \/><input type=\"hidden\" name=\"_wpcf7_version\" value=\"6.1.3\" \/><input type=\"hidden\" name=\"_wpcf7_locale\" value=\"pl_PL\" \/><input type=\"hidden\" name=\"_wpcf7_unit_tag\" value=\"wpcf7-f447-o1\" \/><input type=\"hidden\" name=\"_wpcf7_container_post\" value=\"0\" \/><input type=\"hidden\" name=\"_wpcf7_posted_data_hash\" value=\"\" \/>\n<\/fieldset>\n<p><label> Twoje imi\u0119<br \/>\n<span class=\"wpcf7-form-control-wrap\" data-name=\"your-name\"><input size=\"40\" maxlength=\"400\" class=\"wpcf7-form-control wpcf7-text wpcf7-validates-as-required\" autocomplete=\"name\" aria-required=\"true\" aria-invalid=\"false\" value=\"\" type=\"text\" name=\"your-name\" \/><\/span> <\/label>\n<\/p>\n<p><label> Tw\u00f3j email<br \/>\n<span class=\"wpcf7-form-control-wrap\" data-name=\"your-email\"><input size=\"40\" maxlength=\"400\" class=\"wpcf7-form-control wpcf7-email wpcf7-validates-as-required wpcf7-text wpcf7-validates-as-email\" autocomplete=\"email\" aria-required=\"true\" aria-invalid=\"false\" value=\"\" type=\"email\" name=\"your-email\" \/><\/span> <\/label>\n<\/p>\n<p><label> Temat<br \/>\n<span class=\"wpcf7-form-control-wrap\" data-name=\"your-subject\"><input size=\"40\" maxlength=\"400\" class=\"wpcf7-form-control wpcf7-text wpcf7-validates-as-required\" aria-required=\"true\" aria-invalid=\"false\" value=\"\" type=\"text\" name=\"your-subject\" \/><\/span> <\/label>\n<\/p>\n<p><label> Twoja wiadomo\u015b\u0107 (opcjonalnie)<br \/>\n<span class=\"wpcf7-form-control-wrap\" data-name=\"your-message\"><textarea cols=\"40\" rows=\"10\" maxlength=\"2000\" class=\"wpcf7-form-control wpcf7-textarea\" aria-invalid=\"false\" name=\"your-message\"><\/textarea><\/span> <\/label>\n<\/p>\n<p><input class=\"wpcf7-form-control wpcf7-submit has-spinner\" type=\"submit\" value=\"Wy\u015blij\" \/>\n<\/p><div class=\"wpcf7-response-output\" aria-hidden=\"true\"><\/div>\n<\/form>\n<\/div>\n<\/div>\n<\/div>\n<\/div>\n<\/div>\n<\/div>\n<\/div>\n\n\n\n<p class=\"has-medium-font-size\">Informacje rejestrowe:<\/p>\n\n\n\n<p>NIP 643-178-61-26, REGON 543026269, KRS 0001198730<\/p>\n\n\n\n<p>Konto bankowe: ING 57 1050 1214 1000 0090 8590 1685<\/p>\n\n\n\n<p><\/p>\n","protected":false},"excerpt":{"rendered":"<p>Mo\u017cesz si\u0119 z nami skontaktowa\u0107 w dowolnym momencie \u2014 zawsze jeste\u015bmy tutaj, aby Ci\u0119 wesprze\u0107 W ramach um\u00f3w serwisowych oferujemy wsparcie dla klient\u00f3w 24h . Pozostali klienci proszeni s\u0105 o kontakt w godzinach pracy. Adres Supercom Sp. z o. o., ul. Wato\u0142y 41, 41-106 Siemianowice \u015al\u0105skie Telefony 604 854 702 518 098 938 Email biuro@supercom.pl&#8230;<\/p>\n","protected":false},"author":1,"featured_media":0,"parent":0,"menu_order":0,"comment_status":"closed","ping_status":"closed","template":"","meta":{"footnotes":""},"class_list":["post-394","page","type-page","status-publish","hentry"],"_links":{"self":[{"href":"https:\/\/supercom.pl\/index.php?rest_route=\/wp\/v2\/pages\/394","targetHints":{"allow":["GET"]}}],"collection":[{"href":"https:\/\/supercom.pl\/index.php?rest_route=\/wp\/v2\/pages"}],"about":[{"href":"https:\/\/supercom.pl\/index.php?rest_route=\/wp\/v2\/types\/page"}],"author":[{"embeddable":true,"href":"https:\/\/supercom.pl\/index.php?rest_route=\/wp\/v2\/users\/1"}],"replies":[{"embeddable":true,"href":"https:\/\/supercom.pl\/index.php?rest_route=%2Fwp%2Fv2%2Fcomments&post=394"}],"version-history":[{"count":15,"href":"https:\/\/supercom.pl\/index.php?rest_route=\/wp\/v2\/pages\/394\/revisions"}],"predecessor-version":[{"id":477,"href":"https:\/\/supercom.pl\/index.php?rest_route=\/wp\/v2\/pages\/394\/revisions\/477"}],"wp:attachment":[{"href":"https:\/\/supercom.pl\/index.php?rest_route=%2Fwp%2Fv2%2Fmedia&parent=394"}],"curies":[{"name":"wp","href":"https:\/\/api.w.org\/{rel}","templated":true}]}}