{"id":37,"date":"2014-12-02T23:07:32","date_gmt":"2014-12-02T23:07:32","guid":{"rendered":"http:\/\/supercom.pl\/?page_id=37"},"modified":"2016-05-29T14:22:39","modified_gmt":"2016-05-29T14:22:39","slug":"serwis","status":"publish","type":"page","link":"https:\/\/supercom.pl\/?page_id=37","title":{"rendered":"Serwis"},"content":{"rendered":"<p><strong>SERWISUJEMY I NAPRAWIAMY:<\/strong><\/p>\n<ul>\n<li><strong>centrale telefoniczne<\/strong><\/li>\n<li><strong>serwery<\/strong><\/li>\n<li><strong>komputery i serwery<\/strong><\/li>\n<li><strong>laptopy<\/strong><\/li>\n<li><strong>monitory<\/strong><\/li>\n<li><strong>telewizory LCD i plazmy<\/strong><\/li>\n<li><strong>czujniki, wagi i drobn\u0105 elektronik\u0119<\/strong><\/li>\n<\/ul>\n<p>&nbsp;<\/p>\n<p>W naszej firmie naprawiamy sprz\u0119t elektroniczny wi\u0119kszo\u015bci renomowanych producent\u00f3w, a o powierzone urz\u0105dzenia dbamy jak o swoje w\u0142asne. Ka\u017cde zlecenie monitorowane jest osobi\u015bcie przez w\u0142a\u015bciciela firmy, aby nasi klienci mogli mie\u0107 pewno\u015b\u0107, \u017ce zosta\u0142o ono wykonane najlepiej, jak to mo\u017cliwe.<\/p>\n<p>Us\u0142ugi \u015bwiadczone s\u0105 bezpo\u015brednio w naszym serwisie, gdzie zepsuty sprz\u0119t mog\u0105 Pa\u0144stwo dostarczy\u0107 osobi\u015bcie lub te\u017c za po\u015brednictwem kuriera. Gwarantujemy darmow\u0105, szybk\u0105 i rzeteln\u0105 wycen\u0119 zlecenia, najwy\u017csz\u0105 jako\u015b\u0107 us\u0142ug oraz kr\u00f3tkie terminy ich realizacji.<\/p>\n<p>Nasz serwis komputerowy prowadzi r\u00f3wnie\u017c skup laptop\u00f3w sprawnych jak i uszkodzonych.<\/p>\n","protected":false},"excerpt":{"rendered":"<p>SERWISUJEMY I NAPRAWIAMY: centrale telefoniczne serwery komputery i serwery laptopy monitory telewizory LCD i plazmy czujniki, wagi i drobn\u0105 elektronik\u0119 &nbsp; W naszej firmie naprawiamy sprz\u0119t elektroniczny wi\u0119kszo\u015bci renomowanych producent\u00f3w, a o powierzone urz\u0105dzenia dbamy jak o swoje w\u0142asne. Ka\u017cde zlecenie monitorowane jest osobi\u015bcie przez w\u0142a\u015bciciela firmy, aby nasi klienci mogli mie\u0107 pewno\u015b\u0107, \u017ce zosta\u0142o&#8230;<\/p>\n","protected":false},"author":1,"featured_media":0,"parent":0,"menu_order":0,"comment_status":"closed","ping_status":"closed","template":"","meta":{"footnotes":""},"class_list":["post-37","page","type-page","status-publish","hentry"],"_links":{"self":[{"href":"https:\/\/supercom.pl\/index.php?rest_route=\/wp\/v2\/pages\/37","targetHints":{"allow":["GET"]}}],"collection":[{"href":"https:\/\/supercom.pl\/index.php?rest_route=\/wp\/v2\/pages"}],"about":[{"href":"https:\/\/supercom.pl\/index.php?rest_route=\/wp\/v2\/types\/page"}],"author":[{"embeddable":true,"href":"https:\/\/supercom.pl\/index.php?rest_route=\/wp\/v2\/users\/1"}],"replies":[{"embeddable":true,"href":"https:\/\/supercom.pl\/index.php?rest_route=%2Fwp%2Fv2%2Fcomments&post=37"}],"version-history":[{"count":4,"href":"https:\/\/supercom.pl\/index.php?rest_route=\/wp\/v2\/pages\/37\/revisions"}],"predecessor-version":[{"id":316,"href":"https:\/\/supercom.pl\/index.php?rest_route=\/wp\/v2\/pages\/37\/revisions\/316"}],"wp:attachment":[{"href":"https:\/\/supercom.pl\/index.php?rest_route=%2Fwp%2Fv2%2Fmedia&parent=37"}],"curies":[{"name":"wp","href":"https:\/\/api.w.org\/{rel}","templated":true}]}}