{"id":34,"date":"2014-12-02T23:07:19","date_gmt":"2014-12-02T23:07:19","guid":{"rendered":"http:\/\/supercom.pl\/?page_id=34"},"modified":"2019-09-09T21:19:51","modified_gmt":"2019-09-09T21:19:51","slug":"centrale-telefoniczne","status":"publish","type":"page","link":"https:\/\/supercom.pl\/?page_id=34","title":{"rendered":"Centrale telefoniczne"},"content":{"rendered":"<p><strong>Slican IPL-256<\/strong><br \/>\n<a href=\"http:\/\/supercom.pl\/wp-content\/uploads\/2014\/12\/ipl256.jpg\"><img loading=\"lazy\" decoding=\"async\" class=\"alignright wp-image-65 size-thumbnail\" src=\"http:\/\/supercom.pl\/wp-content\/uploads\/2014\/12\/ipl256-150x150.jpg\" alt=\"ipl256\" width=\"150\" height=\"150\" \/><\/a>IP PBX serwer Slican IPL-256 to najnowszej generacji produkt, w kt\u00f3rym zastosowano jednorodn\u0105 platform\u0119 IT wykorzystuj\u0105c\u0105 technologi\u0119 VoIP, GSM i TDM. Doskona\u0142a jako\u015b\u0107 i elastyczno\u015b\u0107 stanowi\u0105 podstawy do projektowania bezpiecznych rozwi\u0105za\u0144 sieciowych VoIP nawet do 1000 u\u017cytkownik\u00f3w. Centrale IPL-256 charakteryzuj\u0105 si\u0119 \u0142atwo\u015bci\u0105 konfigurowania i tworzenia system\u00f3w, a sieciowanie i integracja jeszcze nigdy nie by\u0142y tak proste.<br \/>\nWymaga monta\u017cu i konfiguracji przez autoryzowanego partnera Slican.<\/p>\n<p style=\"text-align: left;\"><strong>Slican IPM-032<\/strong><strong><a href=\"http:\/\/supercom.pl\/wp-content\/uploads\/2014\/12\/ipm032.jpg\"><img loading=\"lazy\" decoding=\"async\" class=\"size-thumbnail wp-image-63 alignright\" src=\"http:\/\/supercom.pl\/wp-content\/uploads\/2014\/12\/ipm032-150x150.jpg\" alt=\"ipm032\" width=\"150\" height=\"150\" srcset=\"https:\/\/supercom.pl\/wp-content\/uploads\/2014\/12\/ipm032-150x150.jpg 150w, https:\/\/supercom.pl\/wp-content\/uploads\/2014\/12\/ipm032-300x297.jpg 300w, https:\/\/supercom.pl\/wp-content\/uploads\/2014\/12\/ipm032.jpg 640w\" sizes=\"auto, (max-width: 150px) 100vw, 150px\" \/><\/a><\/strong><br \/>\nIP PBX serwer IPM-032 dzi\u0119ki jednorodnej zaawansowanej platformie IT, zapewnia tani\u0105 komunikacj\u0119 VoIP ju\u017c od podstawowej wersji produktu. Serwer charakteryzuje si\u0119 elastyczno\u015bci\u0105 i modu\u0142owo\u015bci\u0105. Do dyspozycji jest 6 lub 8 wolnych slot\u00f3w, w kt\u00f3rych mo\u017cna zainstalowa\u0107 potrzebne klientowi interfejsy: porty analogowe AB, linie miejskie POTS, ISDN BRA \/ E1, linie miejskie VoIP, GSM, Up\u2080 \/ IP \/ SIP. Ca\u0142o\u015b\u0107 uzupe\u0142niaj\u0105 aplikacje w\u0142asne i zewn\u0119trzne, tworz\u0105c system taniej i bezpiecznej telekomunikacji dla firm nastawionych na sukces.<br \/>\nWymaga monta\u017cu i konfiguracji przez autoryzowanego partnera Slican.<\/p>\n<p><strong>Slican IPU-14<\/strong><strong><a href=\"http:\/\/supercom.pl\/wp-content\/uploads\/2014\/12\/ipu14.jpg\"><img loading=\"lazy\" decoding=\"async\" class=\"size-thumbnail wp-image-61 alignright\" src=\"http:\/\/supercom.pl\/wp-content\/uploads\/2014\/12\/ipu14-150x150.jpg\" alt=\"ipu14\" width=\"150\" height=\"150\" \/><\/a><\/strong><br \/>\nSerwer telekomunikacyjny Slican IPU-14 jest produktem, kt\u00f3ry doskonale spe\u0142nia oczekiwania ma\u0142ych firm w zakresie nowoczesnej i wielozadaniowej telekomunikacji. Wbudowana brama GSM, brama VoIP, mo\u017cliwo\u015b\u0107 nagrywania rozm\u00f3w, czy bezp\u0142atna aplikacja bilingowa Slican BillingMAN zapewni\u0105 tani\u0105 i wysokiej jako\u015bci \u0142\u0105czno\u015b\u0107.<br \/>\nWymaga monta\u017cu i konfiguracji przez autoryzowanego partnera Slican.<\/p>\n<p><strong>Slican IPS-08<\/strong><strong><a href=\"http:\/\/supercom.pl\/wp-content\/uploads\/2014\/12\/ips08.jpg\"><img loading=\"lazy\" decoding=\"async\" class=\"size-thumbnail wp-image-60 alignright\" src=\"http:\/\/supercom.pl\/wp-content\/uploads\/2014\/12\/ips08-150x150.jpg\" alt=\"ips08\" width=\"150\" height=\"150\" \/><\/a><\/strong><br \/>\nKompaktowy serwer\u00a0 Slican z liniami GSM, VoIP i zintegrowanym nagrywaniem. Jednym s\u0142owem doskona\u0142e rozwi\u0105zanie komunikacyjne. IPS-08 mo\u017ce pracowa\u0107 jako samodzielna jednostka lub by\u0107 fragmentem rozproszonej sieci telekomunikacyjnej &#8211; \u0142\u0105cz\u0105c biura w r\u00f3\u017cnych lokalizacjach w ramach wi\u0119kszej sieci serwer\u00f3w IPL-256, IPM-032 lub MAC-6400.<br \/>\nWymaga monta\u017cu i konfiguracji przez autoryzowanego partnera Slican.<\/p>\n<p style=\"text-align: left;\"><strong>Slican MAC-6400<\/strong><br \/>\nSerwer telekomunikacyjny MAC-6400 jest wysokiej klasy hybrydow\u0105 central\u0105 IP, kt\u00f3ra sprawdzi si\u0119 zar\u00f3wno dla grupy 100 abonent\u00f3w, jak i dla <strong><a href=\"http:\/\/supercom.pl\/wp-content\/uploads\/2014\/12\/mac6400.jpg\"><img loading=\"lazy\" decoding=\"async\" class=\"size-thumbnail wp-image-59 alignright\" src=\"http:\/\/supercom.pl\/wp-content\/uploads\/2014\/12\/mac6400-150x150.jpg\" alt=\"mac6400\" width=\"150\" height=\"150\" \/><\/a><\/strong>firm, kt\u00f3re wymagaj\u0105 obs\u0142ugi tysi\u0119cy abonent\u00f3w. Serwer oparty jest o jednorodn\u0105 i kompletn\u0105 platform\u0119 IT, kt\u00f3ra (wykorzystuj\u0105c protok\u00f3\u0142 extended Slican Smart Link) umo\u017cliwia tworzenie sieci do 15 serwer\u00f3w \/ 3999 abonent\u00f3w. Wsp\u00f3\u0142pracuje z VoIP, GSM, POTS oraz ISDN.<br \/>\nWymaga monta\u017cu i konfiguracji przez autoryzowanego partnera Slican.<\/p>\n<p><strong>Slican ITS<\/strong><strong><a href=\"http:\/\/supercom.pl\/wp-content\/uploads\/2014\/12\/its106.jpg\"><img loading=\"lazy\" decoding=\"async\" class=\"size-thumbnail wp-image-66 alignright\" src=\"http:\/\/supercom.pl\/wp-content\/uploads\/2014\/12\/its106-150x150.jpg\" alt=\"its106\" width=\"150\" height=\"150\" \/><\/a><\/strong><br \/>\nKa\u017cdy potrzebuje tanich i dobrych po\u0142\u0105cze\u0144 telefonicznych &#8211; niewa\u017cne czy do gabinetu, kancelarii czy do domu. Mamy rozwi\u0105zanie dla Ciebie. Ma\u0142a centralka telefoniczna IP. Wystarczy, \u017ce masz Internet. Przeznaczona do samodzielnego monta\u017cu i konfiguracji.<\/p>\n","protected":false},"excerpt":{"rendered":"<p>Slican IPL-256 IP PBX serwer Slican IPL-256 to najnowszej generacji produkt, w kt\u00f3rym zastosowano jednorodn\u0105 platform\u0119 IT wykorzystuj\u0105c\u0105 technologi\u0119 VoIP, GSM i TDM. Doskona\u0142a jako\u015b\u0107 i elastyczno\u015b\u0107 stanowi\u0105 podstawy do projektowania bezpiecznych rozwi\u0105za\u0144 sieciowych VoIP nawet do 1000 u\u017cytkownik\u00f3w. Centrale IPL-256 charakteryzuj\u0105 si\u0119 \u0142atwo\u015bci\u0105 konfigurowania i tworzenia system\u00f3w, a sieciowanie i integracja jeszcze nigdy nie&#8230;<\/p>\n","protected":false},"author":1,"featured_media":0,"parent":0,"menu_order":0,"comment_status":"closed","ping_status":"closed","template":"","meta":{"footnotes":""},"class_list":["post-34","page","type-page","status-publish","hentry"],"_links":{"self":[{"href":"https:\/\/supercom.pl\/index.php?rest_route=\/wp\/v2\/pages\/34","targetHints":{"allow":["GET"]}}],"collection":[{"href":"https:\/\/supercom.pl\/index.php?rest_route=\/wp\/v2\/pages"}],"about":[{"href":"https:\/\/supercom.pl\/index.php?rest_route=\/wp\/v2\/types\/page"}],"author":[{"embeddable":true,"href":"https:\/\/supercom.pl\/index.php?rest_route=\/wp\/v2\/users\/1"}],"replies":[{"embeddable":true,"href":"https:\/\/supercom.pl\/index.php?rest_route=%2Fwp%2Fv2%2Fcomments&post=34"}],"version-history":[{"count":14,"href":"https:\/\/supercom.pl\/index.php?rest_route=\/wp\/v2\/pages\/34\/revisions"}],"predecessor-version":[{"id":329,"href":"https:\/\/supercom.pl\/index.php?rest_route=\/wp\/v2\/pages\/34\/revisions\/329"}],"wp:attachment":[{"href":"https:\/\/supercom.pl\/index.php?rest_route=%2Fwp%2Fv2%2Fmedia&parent=34"}],"curies":[{"name":"wp","href":"https:\/\/api.w.org\/{rel}","templated":true}]}}