{"id":15,"date":"2014-12-02T22:48:42","date_gmt":"2014-12-02T22:48:42","guid":{"rendered":"http:\/\/supercom.pl\/?page_id=15"},"modified":"2025-10-20T18:38:02","modified_gmt":"2025-10-20T18:38:02","slug":"kontakt","status":"publish","type":"page","link":"https:\/\/supercom.pl\/?page_id=15","title":{"rendered":"Kontakt"},"content":{"rendered":"<p style=\"text-align: center;\"><strong>SUPERCOM Sp. z o.o.<\/strong><\/p>\n<p style=\"text-align: center;\">Biuro i serwis:<br \/>\n<strong>41-106 Siemianowice \u015al\u0105skie<\/strong><br \/>\n<strong>ul. Marcina Wato\u0142y 41<\/strong><\/p>\n<p style=\"text-align: center;\">tel.\u00a0 604 854 702, 518 098 938<\/p>\n<p style=\"text-align: center;\">&#8212;&#8212;&#8212;&#8212;&#8212;&#8212;&#8212;&#8212;&#8212;&#8212;&#8212;&#8212;&#8212;&#8212;&#8212;&#8212;&#8212;&#8212;&#8212;&#8212;&#8212;&#8212;&#8212;&#8212;&#8212;&#8211;<\/p>\n<p style=\"text-align: center;\">NIP 643-178-61-26<\/p>\n<p style=\"text-align: center;\">REGON 543026269\u00a0 \u00a0 \u00a0 \u00a0 \u00a0KRS 0001198730<\/p>\n<p style=\"text-align: center;\">&#8212;&#8212;&#8212;&#8212;&#8212;&#8212;&#8212;&#8212;&#8212;&#8212;&#8212;&#8212;&#8212;&#8212;&#8212;&#8212;&#8212;&#8212;&#8212;&#8212;&#8212;&#8212;&#8212;&#8212;&#8211;<\/p>\n<p style=\"text-align: center;\">www.supercom.pl<br \/>\ne-mail: biuro@supercom.pl<\/p>\n<p style=\"text-align: center;\">Konto bankowe: ING 57 1050 1214 1000 0090 8590 1685<\/p>\n<p><iframe loading=\"lazy\" style=\"border: 0;\" src=\"https:\/\/www.google.com\/maps\/embed?pb=!1m18!1m12!1m3!1d2548.000948587562!2d18.99470661572633!3d50.31057437945628!2m3!1f0!2f0!3f0!3m2!1i1024!2i768!4f13.1!3m3!1m2!1s0x4716d22380d2377f%3A0xb5483eb7490db039!2sMarcina+Wato%C5%82y+41%2C+Siemianowice+%C5%9Al%C4%85skie!5e0!3m2!1spl!2spl!4v1480286534263\" width=\"600\" height=\"450\" frameborder=\"0\" allowfullscreen=\"allowfullscreen\"><\/iframe><\/p>\n","protected":false},"excerpt":{"rendered":"<p>SUPERCOM Sp. z o.o. Biuro i serwis: 41-106 Siemianowice \u015al\u0105skie ul. Marcina Wato\u0142y 41 tel.\u00a0 604 854 702, 518 098 938 &#8212;&#8212;&#8212;&#8212;&#8212;&#8212;&#8212;&#8212;&#8212;&#8212;&#8212;&#8212;&#8212;&#8212;&#8212;&#8212;&#8212;&#8212;&#8212;&#8212;&#8212;&#8212;&#8212;&#8212;&#8212;&#8211; NIP 643-178-61-26 REGON 543026269\u00a0 \u00a0 \u00a0 \u00a0 \u00a0KRS 0001198730 &#8212;&#8212;&#8212;&#8212;&#8212;&#8212;&#8212;&#8212;&#8212;&#8212;&#8212;&#8212;&#8212;&#8212;&#8212;&#8212;&#8212;&#8212;&#8212;&#8212;&#8212;&#8212;&#8212;&#8212;&#8211; www.supercom.pl e-mail: biuro@supercom.pl Konto bankowe: ING 57 1050 1214 1000 0090 8590 1685<\/p>\n","protected":false},"author":1,"featured_media":0,"parent":0,"menu_order":0,"comment_status":"open","ping_status":"open","template":"","meta":{"footnotes":""},"class_list":["post-15","page","type-page","status-publish","hentry"],"_links":{"self":[{"href":"https:\/\/supercom.pl\/index.php?rest_route=\/wp\/v2\/pages\/15","targetHints":{"allow":["GET"]}}],"collection":[{"href":"https:\/\/supercom.pl\/index.php?rest_route=\/wp\/v2\/pages"}],"about":[{"href":"https:\/\/supercom.pl\/index.php?rest_route=\/wp\/v2\/types\/page"}],"author":[{"embeddable":true,"href":"https:\/\/supercom.pl\/index.php?rest_route=\/wp\/v2\/users\/1"}],"replies":[{"embeddable":true,"href":"https:\/\/supercom.pl\/index.php?rest_route=%2Fwp%2Fv2%2Fcomments&post=15"}],"version-history":[{"count":14,"href":"https:\/\/supercom.pl\/index.php?rest_route=\/wp\/v2\/pages\/15\/revisions"}],"predecessor-version":[{"id":423,"href":"https:\/\/supercom.pl\/index.php?rest_route=\/wp\/v2\/pages\/15\/revisions\/423"}],"wp:attachment":[{"href":"https:\/\/supercom.pl\/index.php?rest_route=%2Fwp%2Fv2%2Fmedia&parent=15"}],"curies":[{"name":"wp","href":"https:\/\/api.w.org\/{rel}","templated":true}]}}