{"id":11,"date":"2014-12-02T22:45:42","date_gmt":"2014-12-02T22:45:42","guid":{"rendered":"http:\/\/supercom.pl\/?page_id=11"},"modified":"2014-12-03T10:53:58","modified_gmt":"2014-12-03T10:53:58","slug":"o-nas","status":"publish","type":"page","link":"http:\/\/supercom.pl\/?page_id=11","title":{"rendered":"O nas"},"content":{"rendered":"<p>Dzia\u0142amy w bran\u017cy od 2004 roku, zatrudniamy szereg specjalist\u00f3w.<\/p>\n<p style=\"text-align: left;\" align=\"CENTER\"><span style=\"font-size: large;\"><b>G\u0142\u00f3wny profil dzia\u0142alno\u015bci:<\/b><\/span><\/p>\n<p style=\"text-align: left;\" align=\"CENTER\"><span style=\"font-size: large;\">&#8211; obs\u0142uga informatyczna firm<\/span><\/p>\n<p style=\"text-align: left;\" align=\"CENTER\"><span style=\"font-size: large;\">&#8211; serwis komputer\u00f3w i elektroniki<\/span><\/p>\n<p style=\"text-align: left;\" align=\"CENTER\"><span style=\"font-size: large;\">&#8211; centrale telefoniczne<\/span><\/p>\n<p style=\"text-align: left;\" align=\"CENTER\">\n<p><b>Pozosta\u0142e us\u0142ugi jakie wykonujemy:<\/b><\/p>\n<ul>\n<li>sprzeda\u017c sprz\u0119tu i oprogramowania<\/li>\n<li>sieci komputerowe<\/li>\n<li>zarz\u0105dzanie systemami teleinformatycznymi<\/li>\n<li>zabezpieczanie sieci korporacyjnych<\/li>\n<li>oprogramowanie na zam\u00f3wienie<\/li>\n<li>wykonywanie instalacji alarmowych<\/li>\n<li>wykonywanie instalacji monitoringu CCTV<\/li>\n<li>tworzenie stron internetowych<\/li>\n<li>naprawa i konserwacja kserokopiarek i drukarek<\/li>\n<li>reklamy w Internecie drobne us\u0142ugi reklamowe<\/li>\n<\/ul>\n","protected":false},"excerpt":{"rendered":"<p>Dzia\u0142amy w bran\u017cy od 2004 roku, zatrudniamy szereg specjalist\u00f3w. G\u0142\u00f3wny profil dzia\u0142alno\u015bci: &#8211; obs\u0142uga informatyczna firm &#8211; serwis komputer\u00f3w i elektroniki &#8211; centrale telefoniczne Pozosta\u0142e us\u0142ugi jakie wykonujemy: sprzeda\u017c sprz\u0119tu i oprogramowania sieci komputerowe zarz\u0105dzanie systemami teleinformatycznymi zabezpieczanie sieci korporacyjnych oprogramowanie na zam\u00f3wienie wykonywanie instalacji alarmowych wykonywanie instalacji monitoringu CCTV tworzenie stron internetowych naprawa i&#8230;<\/p>\n","protected":false},"author":1,"featured_media":0,"parent":0,"menu_order":0,"comment_status":"open","ping_status":"open","template":"","meta":{"footnotes":""},"class_list":["post-11","page","type-page","status-publish","hentry"],"_links":{"self":[{"href":"http:\/\/supercom.pl\/index.php?rest_route=\/wp\/v2\/pages\/11","targetHints":{"allow":["GET"]}}],"collection":[{"href":"http:\/\/supercom.pl\/index.php?rest_route=\/wp\/v2\/pages"}],"about":[{"href":"http:\/\/supercom.pl\/index.php?rest_route=\/wp\/v2\/types\/page"}],"author":[{"embeddable":true,"href":"http:\/\/supercom.pl\/index.php?rest_route=\/wp\/v2\/users\/1"}],"replies":[{"embeddable":true,"href":"http:\/\/supercom.pl\/index.php?rest_route=%2Fwp%2Fv2%2Fcomments&post=11"}],"version-history":[{"count":2,"href":"http:\/\/supercom.pl\/index.php?rest_route=\/wp\/v2\/pages\/11\/revisions"}],"predecessor-version":[{"id":42,"href":"http:\/\/supercom.pl\/index.php?rest_route=\/wp\/v2\/pages\/11\/revisions\/42"}],"wp:attachment":[{"href":"http:\/\/supercom.pl\/index.php?rest_route=%2Fwp%2Fv2%2Fmedia&parent=11"}],"curies":[{"name":"wp","href":"https:\/\/api.w.org\/{rel}","templated":true}]}}